{"id":2338,"date":"2025-01-07T11:43:20","date_gmt":"2025-01-07T11:43:20","guid":{"rendered":"https:\/\/vinyescangrau.com\/politica-de-privacidad\/"},"modified":"2025-08-26T12:27:55","modified_gmt":"2025-08-26T12:27:55","slug":"datenschutzbestimmungen","status":"publish","type":"page","link":"https:\/\/vinyescangrau.com\/de\/datenschutzbestimmungen\/","title":{"rendered":"Datenschutzbestimmungen"},"content":{"rendered":"\t\t<div data-elementor-type=\"wp-page\" data-elementor-id=\"2338\" class=\"elementor elementor-2338 elementor-3\" data-elementor-post-type=\"page\">\n\t\t\t\t<div class=\"elementor-element elementor-element-7c8a206a e-flex e-con-boxed e-con e-parent\" data-id=\"7c8a206a\" data-element_type=\"container\" data-settings=\"{&quot;hoteller_ext_is_background_parallax&quot;:&quot;false&quot;,&quot;hoteller_ext_is_background_backdrop&quot;:&quot;false&quot;,&quot;hoteller_ext_is_background_on_scroll&quot;:&quot;false&quot;,&quot;hoteller_ext_link_sidemenu&quot;:&quot;false&quot;,&quot;hoteller_ext_link_fullmenu&quot;:&quot;false&quot;,&quot;hoteller_ext_link_closed_fullmenu&quot;:&quot;false&quot;,&quot;hoteller_ext_is_scrollme&quot;:&quot;false&quot;,&quot;hoteller_ext_is_smoove&quot;:&quot;false&quot;,&quot;hoteller_ext_is_parallax_mouse&quot;:&quot;false&quot;,&quot;hoteller_ext_is_infinite&quot;:&quot;false&quot;,&quot;hoteller_ext_is_fadeout_animation&quot;:&quot;false&quot;,&quot;hoteller_ext_mobile_static&quot;:&quot;false&quot;}\">\n\t\t\t\t\t<div class=\"e-con-inner\">\n\t\t\t\t<div class=\"elementor-element elementor-element-35d3716a elementor-widget elementor-widget-text-editor\" data-id=\"35d3716a\" data-element_type=\"widget\" data-settings=\"{&quot;hoteller_ext_link_sidemenu&quot;:&quot;false&quot;,&quot;hoteller_ext_link_fullmenu&quot;:&quot;false&quot;,&quot;hoteller_ext_link_closed_fullmenu&quot;:&quot;false&quot;,&quot;hoteller_ext_is_scrollme&quot;:&quot;false&quot;,&quot;hoteller_ext_is_smoove&quot;:&quot;false&quot;,&quot;hoteller_ext_is_parallax_mouse&quot;:&quot;false&quot;,&quot;hoteller_ext_is_infinite&quot;:&quot;false&quot;,&quot;hoteller_ext_is_fadeout_animation&quot;:&quot;false&quot;,&quot;hoteller_ext_mobile_static&quot;:&quot;false&quot;}\" data-widget_type=\"text-editor.default\">\n\t\t\t\t\t\t\t\t\t<h2>1. Verantwortlicher f\u00fcr die Datenverarbeitung<\/h2><br>\n<ul>\n \t<li>Handelsname: Vinyes Can Grau<\/li>\n \t<li>T\u00e4tigkeit: Touristische Unterkunft<\/li>\n \t<li>Standort: Mallorca, Balearen, Spanien<\/li>\n \t<li>Kontakt-E-Mail: vinyescangrau@gmail.com<\/li>\n<\/ul><br>\n<h2>2. Zweck der Datenverarbeitung<\/h2><br>\n<ul>\n \t<li>Die \u00fcber unsere Website erhobenen Daten werden f\u00fcr folgende Zwecke verarbeitet:\nBeantwortung von Anfragen \u00fcber das Kontaktformular.<\/li>\n \t<li>Verwaltung von Unterkunftsreservierungen.<\/li>\n \t<li>Versand relevanter Informationen zur Buchung oder zu angebotenen Dienstleistungen.<\/li>\n \t<li>Versand von Werbemitteilungen (sofern der Nutzer zugestimmt hat).<\/li>\n<\/ul><br>\n<h2>3. Rechtsgrundlage f\u00fcr die Verarbeitung<\/h2><br>\n<ul>\n \t<li>Einwilligung der betroffenen Person durch Ankreuzen des entsprechenden Feldes.<\/li>\n \t<li>Erf\u00fcllung eines Vertrags zur Abwicklung der Buchung.<\/li>\n \t<li>Erf\u00fcllung gesetzlicher Pflichten wie z.\u202fB. Rechnungsstellung oder Meldung an Beh\u00f6rden.<\/li>\n<\/ul><br>\n<h2>4. Empf\u00e4nger der Daten<\/h2><br>\nDie Daten werden nicht an Dritte weitergegeben, au\u00dfer wenn gesetzlich vorgeschrieben oder wenn externe Dienstleister (z.\u202fB. Zahlungsanbieter, Hosting-Dienste) als Auftragsverarbeiter beteiligt sind.<br><br>\n<h2>5. Rechte der Nutzer<\/h2><br>\nNutzer k\u00f6nnen ihre Rechte auf Auskunft, Berichtigung, L\u00f6schung, Widerspruch, Einschr\u00e4nkung der Verarbeitung und Daten\u00fcbertragbarkeit aus\u00fcben, indem sie eine Anfrage an [Ihre E-Mail-Adresse] senden und eine Kopie ihres Ausweisdokuments beif\u00fcgen.<br><br>\n<h2>6. Aufbewahrung der Daten<\/h2><br>\nDie Daten werden so lange aufbewahrt, wie es f\u00fcr den Zweck ihrer Erhebung erforderlich ist und um gesetzlichen Verpflichtungen nachzukommen.\t\t\t\t\t\t\t\t<\/div>\n\t\t\t\t\t<\/div>\n\t\t\t\t<\/div>\n\t\t\t\t<\/div>\n\t\t","protected":false},"excerpt":{"rendered":"<p>1. Verantwortlicher f\u00fcr die Datenverarbeitung &nbsp; Handelsname: Vinyes Can Grau T\u00e4tigkeit: Touristische Unterkunft Standort: Mallorca, Balearen, Spanien Kontakt-E-Mail: vinyescangrau@gmail.com &nbsp; 2. Zweck der Datenverarbeitung &nbsp; Die \u00fcber unsere Website erhobenen Daten werden f\u00fcr folgende Zwecke verarbeitet: Beantwortung von Anfragen \u00fcber [&hellip;]<\/p>\n","protected":false},"author":1,"featured_media":0,"parent":0,"menu_order":0,"comment_status":"closed","ping_status":"closed","template":"","meta":{"footnotes":""},"class_list":["post-2338","page","type-page","status-publish","hentry"],"_links":{"self":[{"href":"https:\/\/vinyescangrau.com\/de\/wp-json\/wp\/v2\/pages\/2338","targetHints":{"allow":["GET"]}}],"collection":[{"href":"https:\/\/vinyescangrau.com\/de\/wp-json\/wp\/v2\/pages"}],"about":[{"href":"https:\/\/vinyescangrau.com\/de\/wp-json\/wp\/v2\/types\/page"}],"author":[{"embeddable":true,"href":"https:\/\/vinyescangrau.com\/de\/wp-json\/wp\/v2\/users\/1"}],"replies":[{"embeddable":true,"href":"https:\/\/vinyescangrau.com\/de\/wp-json\/wp\/v2\/comments?post=2338"}],"version-history":[{"count":8,"href":"https:\/\/vinyescangrau.com\/de\/wp-json\/wp\/v2\/pages\/2338\/revisions"}],"predecessor-version":[{"id":3345,"href":"https:\/\/vinyescangrau.com\/de\/wp-json\/wp\/v2\/pages\/2338\/revisions\/3345"}],"wp:attachment":[{"href":"https:\/\/vinyescangrau.com\/de\/wp-json\/wp\/v2\/media?parent=2338"}],"curies":[{"name":"wp","href":"https:\/\/api.w.org\/{rel}","templated":true}]}}