{"id":2801,"date":"2025-05-20T13:02:47","date_gmt":"2025-05-20T13:02:47","guid":{"rendered":"https:\/\/vinyescangrau.com\/?page_id=2801"},"modified":"2025-08-26T12:29:52","modified_gmt":"2025-08-26T12:29:52","slug":"erklaerung-zur-barrierefreiheit","status":"publish","type":"page","link":"https:\/\/vinyescangrau.com\/de\/erklaerung-zur-barrierefreiheit\/","title":{"rendered":"Erkl\u00e4rung zur Barrierefreiheit"},"content":{"rendered":"<p data-start=\"583\" data-end=\"870\">Die Organisation <strong data-start=\"600\" data-end=\"619\">Vinyes Can Grau<\/strong> verpflichtet sich, die Website <a class=\"\" href=\"https:\/\/vinyescangrau.com\/de\/\" target=\"_new\" rel=\"noopener\" data-start=\"651\" data-end=\"690\">https:\/\/vinyescangrau.com\/<\/a> barrierefrei zug\u00e4nglich zu machen, gem\u00e4\u00df dem K\u00f6niglichen Dekret 1112\/2018 vom 7. September \u00fcber die Barrierefreiheit von Websites und mobilen Anwendungen des \u00f6ffentlichen Sektors.<\/p>\n<p data-start=\"872\" data-end=\"970\">Diese Erkl\u00e4rung zur Barrierefreiheit gilt f\u00fcr die Website <a class=\"\" href=\"https:\/\/vinyescangrau.com\/de\/\" target=\"_new\" rel=\"noopener\" data-start=\"930\" data-end=\"969\">https:\/\/vinyescangrau.com\/<\/a>.<\/p>\n<p data-start=\"972\" data-end=\"1047\">Diese Website ist vollst\u00e4ndig konform mit dem K\u00f6niglichen Dekret 1112\/2018.<\/p>\n","protected":false},"excerpt":{"rendered":"<p>Die Organisation Vinyes Can Grau verpflichtet sich, die Website https:\/\/vinyescangrau.com\/ barrierefrei zug\u00e4nglich zu machen, gem\u00e4\u00df dem K\u00f6niglichen Dekret 1112\/2018 vom 7. September \u00fcber die Barrierefreiheit von Websites und mobilen Anwendungen des \u00f6ffentlichen Sektors. Diese Erkl\u00e4rung zur Barrierefreiheit gilt f\u00fcr die [&hellip;]<\/p>\n","protected":false},"author":1,"featured_media":0,"parent":0,"menu_order":0,"comment_status":"closed","ping_status":"closed","template":"","meta":{"footnotes":""},"class_list":["post-2801","page","type-page","status-publish","hentry"],"_links":{"self":[{"href":"https:\/\/vinyescangrau.com\/de\/wp-json\/wp\/v2\/pages\/2801","targetHints":{"allow":["GET"]}}],"collection":[{"href":"https:\/\/vinyescangrau.com\/de\/wp-json\/wp\/v2\/pages"}],"about":[{"href":"https:\/\/vinyescangrau.com\/de\/wp-json\/wp\/v2\/types\/page"}],"author":[{"embeddable":true,"href":"https:\/\/vinyescangrau.com\/de\/wp-json\/wp\/v2\/users\/1"}],"replies":[{"embeddable":true,"href":"https:\/\/vinyescangrau.com\/de\/wp-json\/wp\/v2\/comments?post=2801"}],"version-history":[{"count":2,"href":"https:\/\/vinyescangrau.com\/de\/wp-json\/wp\/v2\/pages\/2801\/revisions"}],"predecessor-version":[{"id":3350,"href":"https:\/\/vinyescangrau.com\/de\/wp-json\/wp\/v2\/pages\/2801\/revisions\/3350"}],"wp:attachment":[{"href":"https:\/\/vinyescangrau.com\/de\/wp-json\/wp\/v2\/media?parent=2801"}],"curies":[{"name":"wp","href":"https:\/\/api.w.org\/{rel}","templated":true}]}}