{"id":3139,"date":"2025-08-05T08:03:55","date_gmt":"2025-08-05T08:03:55","guid":{"rendered":"https:\/\/vinyescangrau.com\/?page_id=3139"},"modified":"2025-08-26T12:28:58","modified_gmt":"2025-08-26T12:28:58","slug":"rechtlicher-hinweis","status":"publish","type":"page","link":"https:\/\/vinyescangrau.com\/de\/rechtlicher-hinweis\/","title":{"rendered":"Rechtlicher Hinweis"},"content":{"rendered":"\t\t<div data-elementor-type=\"wp-page\" data-elementor-id=\"3139\" class=\"elementor elementor-3139 elementor-3128\" data-elementor-post-type=\"page\">\n\t\t\t\t<div class=\"elementor-element elementor-element-2e4fc875 e-flex e-con-boxed e-con e-parent\" data-id=\"2e4fc875\" data-element_type=\"container\" data-settings=\"{&quot;hoteller_ext_is_background_parallax&quot;:&quot;false&quot;,&quot;hoteller_ext_is_background_backdrop&quot;:&quot;false&quot;,&quot;hoteller_ext_is_background_on_scroll&quot;:&quot;false&quot;,&quot;hoteller_ext_link_sidemenu&quot;:&quot;false&quot;,&quot;hoteller_ext_link_fullmenu&quot;:&quot;false&quot;,&quot;hoteller_ext_link_closed_fullmenu&quot;:&quot;false&quot;,&quot;hoteller_ext_is_scrollme&quot;:&quot;false&quot;,&quot;hoteller_ext_is_smoove&quot;:&quot;false&quot;,&quot;hoteller_ext_is_parallax_mouse&quot;:&quot;false&quot;,&quot;hoteller_ext_is_infinite&quot;:&quot;false&quot;,&quot;hoteller_ext_is_fadeout_animation&quot;:&quot;false&quot;,&quot;hoteller_ext_mobile_static&quot;:&quot;false&quot;}\">\n\t\t\t\t\t<div class=\"e-con-inner\">\n\t\t\t\t<div class=\"elementor-element elementor-element-53c41543 elementor-widget elementor-widget-text-editor\" data-id=\"53c41543\" data-element_type=\"widget\" data-settings=\"{&quot;hoteller_ext_link_sidemenu&quot;:&quot;false&quot;,&quot;hoteller_ext_link_fullmenu&quot;:&quot;false&quot;,&quot;hoteller_ext_link_closed_fullmenu&quot;:&quot;false&quot;,&quot;hoteller_ext_is_scrollme&quot;:&quot;false&quot;,&quot;hoteller_ext_is_smoove&quot;:&quot;false&quot;,&quot;hoteller_ext_is_parallax_mouse&quot;:&quot;false&quot;,&quot;hoteller_ext_is_infinite&quot;:&quot;false&quot;,&quot;hoteller_ext_is_fadeout_animation&quot;:&quot;false&quot;,&quot;hoteller_ext_mobile_static&quot;:&quot;false&quot;}\" data-widget_type=\"text-editor.default\">\n\t\t\t\t\t\t\t\t\t<h2>1. Allgemeine Informationen<\/h2><p>In \u00dcbereinstimmung mit dem Gesetz 34\/2002 vom 11. Juli \u00fcber Dienste der Informationsgesellschaft und elektronischen Handel (LSSI-CE) informieren wir:<\/p><ul><li>Handelsname: Vinyes Can Grau, ESPJ<\/li><li>T\u00e4tigkeit: Touristische Unterkunft<\/li><li>Tourismuslizenz: ETV\/11892<\/li><li>Standort: Mallorca, Balearen, Spanien<\/li><li>E-Mail: vinyescangrau@gmail.com<\/li><li>Telefonnummern: +34 645161008 \/ +34 653047886<\/li><\/ul><h2>2. Geistiges und gewerbliches Eigentum<\/h2><p>Alle Inhalte der Website (Texte, Bilder, Logos, Designs, Struktur, Software usw.) sind Eigentum von Vinyes Can Grau oder lizenziert und durch das Urheber- und Markenrecht gesch\u00fctzt.<\/p><p>Jegliche Vervielf\u00e4ltigung, Verbreitung, \u00f6ffentliche Wiedergabe oder Ver\u00e4nderung ist ohne ausdr\u00fcckliche Genehmigung untersagt.<\/p><h2>3. Haftung<\/h2><p>Vinyes Can Grau haftet nicht f\u00fcr Sch\u00e4den, die durch die Nutzung der Website entstehen, oder f\u00fcr m\u00f6gliche Inhaltsfehler oder Dienstunterbrechungen. Wir behalten uns das Recht vor, die Website ohne Vorank\u00fcndigung zu \u00e4ndern oder zu aktualisieren.<\/p><h2>4. Externe Links<\/h2><p>Diese Website kann Links zu Websites Dritter enthalten. Vinyes Can Grau ist nicht verantwortlich f\u00fcr den Inhalt oder die Funktionsweise dieser externen Seiten.<\/p><h2>5. Anwendbares Recht und Gerichtsstand<\/h2><p>Dieser rechtliche Hinweis unterliegt dem spanischen Recht. Alle Streitigkeiten werden vor den Gerichten von Palma de Mallorca verhandelt.<\/p>\t\t\t\t\t\t\t\t<\/div>\n\t\t\t\t\t<\/div>\n\t\t\t\t<\/div>\n\t\t\t\t<\/div>\n\t\t","protected":false},"excerpt":{"rendered":"<p>1. Allgemeine Informationen In \u00dcbereinstimmung mit dem Gesetz 34\/2002 vom 11. Juli \u00fcber Dienste der Informationsgesellschaft und elektronischen Handel (LSSI-CE) informieren wir: Handelsname: Vinyes Can Grau, ESPJ T\u00e4tigkeit: Touristische Unterkunft Tourismuslizenz: ETV\/11892 Standort: Mallorca, Balearen, Spanien E-Mail: vinyescangrau@gmail.com Telefonnummern: +34 [&hellip;]<\/p>\n","protected":false},"author":1,"featured_media":0,"parent":0,"menu_order":0,"comment_status":"closed","ping_status":"closed","template":"","meta":{"footnotes":""},"class_list":["post-3139","page","type-page","status-publish","hentry"],"_links":{"self":[{"href":"https:\/\/vinyescangrau.com\/de\/wp-json\/wp\/v2\/pages\/3139","targetHints":{"allow":["GET"]}}],"collection":[{"href":"https:\/\/vinyescangrau.com\/de\/wp-json\/wp\/v2\/pages"}],"about":[{"href":"https:\/\/vinyescangrau.com\/de\/wp-json\/wp\/v2\/types\/page"}],"author":[{"embeddable":true,"href":"https:\/\/vinyescangrau.com\/de\/wp-json\/wp\/v2\/users\/1"}],"replies":[{"embeddable":true,"href":"https:\/\/vinyescangrau.com\/de\/wp-json\/wp\/v2\/comments?post=3139"}],"version-history":[{"count":6,"href":"https:\/\/vinyescangrau.com\/de\/wp-json\/wp\/v2\/pages\/3139\/revisions"}],"predecessor-version":[{"id":3348,"href":"https:\/\/vinyescangrau.com\/de\/wp-json\/wp\/v2\/pages\/3139\/revisions\/3348"}],"wp:attachment":[{"href":"https:\/\/vinyescangrau.com\/de\/wp-json\/wp\/v2\/media?parent=3139"}],"curies":[{"name":"wp","href":"https:\/\/api.w.org\/{rel}","templated":true}]}}