{"id":3142,"date":"2025-08-05T08:06:21","date_gmt":"2025-08-05T08:06:21","guid":{"rendered":"https:\/\/vinyescangrau.com\/?page_id=3142"},"modified":"2025-08-26T12:30:34","modified_gmt":"2025-08-26T12:30:34","slug":"cookie-richtlinie","status":"publish","type":"page","link":"https:\/\/vinyescangrau.com\/de\/cookie-richtlinie\/","title":{"rendered":"Cookie-Richtlinie"},"content":{"rendered":"\t\t<div data-elementor-type=\"wp-page\" data-elementor-id=\"3142\" class=\"elementor elementor-3142 elementor-3130\" data-elementor-post-type=\"page\">\n\t\t\t\t<div class=\"elementor-element elementor-element-14ae7008 e-flex e-con-boxed e-con e-parent\" data-id=\"14ae7008\" data-element_type=\"container\" data-settings=\"{&quot;hoteller_ext_is_background_parallax&quot;:&quot;false&quot;,&quot;hoteller_ext_is_background_backdrop&quot;:&quot;false&quot;,&quot;hoteller_ext_is_background_on_scroll&quot;:&quot;false&quot;,&quot;hoteller_ext_link_sidemenu&quot;:&quot;false&quot;,&quot;hoteller_ext_link_fullmenu&quot;:&quot;false&quot;,&quot;hoteller_ext_link_closed_fullmenu&quot;:&quot;false&quot;,&quot;hoteller_ext_is_scrollme&quot;:&quot;false&quot;,&quot;hoteller_ext_is_smoove&quot;:&quot;false&quot;,&quot;hoteller_ext_is_parallax_mouse&quot;:&quot;false&quot;,&quot;hoteller_ext_is_infinite&quot;:&quot;false&quot;,&quot;hoteller_ext_is_fadeout_animation&quot;:&quot;false&quot;,&quot;hoteller_ext_mobile_static&quot;:&quot;false&quot;}\">\n\t\t\t\t\t<div class=\"e-con-inner\">\n\t\t\t\t<div class=\"elementor-element elementor-element-521a65c1 elementor-widget elementor-widget-text-editor\" data-id=\"521a65c1\" data-element_type=\"widget\" data-settings=\"{&quot;hoteller_ext_link_sidemenu&quot;:&quot;false&quot;,&quot;hoteller_ext_link_fullmenu&quot;:&quot;false&quot;,&quot;hoteller_ext_link_closed_fullmenu&quot;:&quot;false&quot;,&quot;hoteller_ext_is_scrollme&quot;:&quot;false&quot;,&quot;hoteller_ext_is_smoove&quot;:&quot;false&quot;,&quot;hoteller_ext_is_parallax_mouse&quot;:&quot;false&quot;,&quot;hoteller_ext_is_infinite&quot;:&quot;false&quot;,&quot;hoteller_ext_is_fadeout_animation&quot;:&quot;false&quot;,&quot;hoteller_ext_mobile_static&quot;:&quot;false&quot;}\" data-widget_type=\"text-editor.default\">\n\t\t\t\t\t\t\t\t\t<h2>1. Was sind Cookies?<\/h2><p>Cookies sind kleine Dateien, die beim Besuch einer Website auf dem Ger\u00e4t des Nutzers gespeichert werden. Sie dienen dazu, Informationen \u00fcber das Surfverhalten zu speichern und abzurufen und k\u00f6nnen dazu verwendet werden, den Nutzer wiederzuerkennen.<\/p><h2>2. Arten von verwendeten Cookies<\/h2><p>Die Website von Vinyes Can Grau kann folgende Arten von Cookies verwenden:<\/p><ul><li>Technische oder notwendige Cookies: F\u00fcr die grundlegende Funktion der Website erforderlich.<\/li><li>Pr\u00e4ferenz-Cookies: Speichern Informationen wie die gew\u00e4hlte Sprache.<\/li><li>Analyse-Cookies: Erm\u00f6glichen die Analyse der Nutzung der Website durch Nutzer (z.\u202fB. Google Analytics).<\/li><li>Cookies von Dritten: K\u00f6nnen von externen Diensten wie Karten, Videos oder sozialen Netzwerken gesetzt werden.<\/li><\/ul><h2>3. Zustimmung<\/h2><p>Beim ersten Zugriff auf unsere Website wird der Nutzer ausdr\u00fccklich um Zustimmung zur Installation nicht-technischer Cookies gebeten. Die Zustimmung kann jederzeit \u00fcber die Einstellungen im Browser oder das Cookie-Verwaltungstool der Website ge\u00e4ndert oder widerrufen werden.<\/p><h2>4. Deaktivierung von Cookies<\/h2><p>Der Nutzer kann seinen Browser so konfigurieren, dass Cookies blockiert oder gel\u00f6scht werden. Nachfolgend finden Sie Hilfelinks je nach verwendetem Browser:<\/p><ul><li>Google Chrome<\/li><li>Mozilla Firefox<\/li><li>Safari<\/li><li>Microsoft Edge<\/li><\/ul>\t\t\t\t\t\t\t\t<\/div>\n\t\t\t\t\t<\/div>\n\t\t\t\t<\/div>\n\t\t\t\t<\/div>\n\t\t","protected":false},"excerpt":{"rendered":"<p>1. Was sind Cookies? Cookies sind kleine Dateien, die beim Besuch einer Website auf dem Ger\u00e4t des Nutzers gespeichert werden. Sie dienen dazu, Informationen \u00fcber das Surfverhalten zu speichern und abzurufen und k\u00f6nnen dazu verwendet werden, den Nutzer wiederzuerkennen. 2. [&hellip;]<\/p>\n","protected":false},"author":1,"featured_media":0,"parent":0,"menu_order":0,"comment_status":"closed","ping_status":"closed","template":"","meta":{"footnotes":""},"class_list":["post-3142","page","type-page","status-publish","hentry"],"_links":{"self":[{"href":"https:\/\/vinyescangrau.com\/de\/wp-json\/wp\/v2\/pages\/3142","targetHints":{"allow":["GET"]}}],"collection":[{"href":"https:\/\/vinyescangrau.com\/de\/wp-json\/wp\/v2\/pages"}],"about":[{"href":"https:\/\/vinyescangrau.com\/de\/wp-json\/wp\/v2\/types\/page"}],"author":[{"embeddable":true,"href":"https:\/\/vinyescangrau.com\/de\/wp-json\/wp\/v2\/users\/1"}],"replies":[{"embeddable":true,"href":"https:\/\/vinyescangrau.com\/de\/wp-json\/wp\/v2\/comments?post=3142"}],"version-history":[{"count":8,"href":"https:\/\/vinyescangrau.com\/de\/wp-json\/wp\/v2\/pages\/3142\/revisions"}],"predecessor-version":[{"id":3353,"href":"https:\/\/vinyescangrau.com\/de\/wp-json\/wp\/v2\/pages\/3142\/revisions\/3353"}],"wp:attachment":[{"href":"https:\/\/vinyescangrau.com\/de\/wp-json\/wp\/v2\/media?parent=3142"}],"curies":[{"name":"wp","href":"https:\/\/api.w.org\/{rel}","templated":true}]}}