{"id":24,"date":"2025-05-12T12:41:11","date_gmt":"2025-05-12T12:41:11","guid":{"rendered":"https:\/\/vinyescangrau.com\/?page_id=24"},"modified":"2025-07-24T08:30:42","modified_gmt":"2025-07-24T08:30:42","slug":"politica-de-cancelacion-vinyes-can-grau","status":"publish","type":"page","link":"https:\/\/vinyescangrau.com\/es\/politica-de-cancelacion-vinyes-can-grau\/","title":{"rendered":"Pol\u00edtica de cancelaci\u00f3n Vinyes Can Grau"},"content":{"rendered":"<p>A Vinyes Can Grau entendemos que pueden surgir imprevistos y, por eso, queremos ofrecerte una pol\u00edtica de cancelaci\u00f3n clara y transparente.<\/p>\n<ul>\n<li><strong>Cancelaciones con 30 d\u00edas o m\u00e1s de antelaci\u00f3n<\/strong> respecto a la fecha de entrada: se reembolsar\u00e1 <strong>el 100% del importe de la reserva<\/strong>.<\/li>\n<li><strong>Cancelaciones con menos de 30 d\u00edas de antelaci\u00f3n<\/strong> respecto a la fecha de entrada: <strong>no se realizar\u00e1 ning\u00fan reembolso y se mantendr\u00e1 el 100% del importe de la reserva<\/strong>.<\/li>\n<\/ul>\n<p>Para gestionar cualquier cancelaci\u00f3n, es imprescindible enviar un correo electr\u00f3nico a: vinyescangrau@gmail.com indicando los datos de la reserva y vuestra solicitud.<br \/>\nGracias por vuestra comprensi\u00f3n y confianza.<\/p>\n","protected":false},"excerpt":{"rendered":"<p>A Vinyes Can Grau entendemos que pueden surgir imprevistos y, por eso, queremos ofrecerte una pol\u00edtica de cancelaci\u00f3n clara y transparente. Cancelaciones con 30 d\u00edas o m\u00e1s de antelaci\u00f3n respecto a la fecha de entrada: se reembolsar\u00e1 el 100% del [&hellip;]<\/p>\n","protected":false},"author":1,"featured_media":0,"parent":0,"menu_order":0,"comment_status":"closed","ping_status":"closed","template":"","meta":{"footnotes":""},"class_list":["post-24","page","type-page","status-publish","hentry"],"_links":{"self":[{"href":"https:\/\/vinyescangrau.com\/es\/wp-json\/wp\/v2\/pages\/24","targetHints":{"allow":["GET"]}}],"collection":[{"href":"https:\/\/vinyescangrau.com\/es\/wp-json\/wp\/v2\/pages"}],"about":[{"href":"https:\/\/vinyescangrau.com\/es\/wp-json\/wp\/v2\/types\/page"}],"author":[{"embeddable":true,"href":"https:\/\/vinyescangrau.com\/es\/wp-json\/wp\/v2\/users\/1"}],"replies":[{"embeddable":true,"href":"https:\/\/vinyescangrau.com\/es\/wp-json\/wp\/v2\/comments?post=24"}],"version-history":[{"count":5,"href":"https:\/\/vinyescangrau.com\/es\/wp-json\/wp\/v2\/pages\/24\/revisions"}],"predecessor-version":[{"id":3068,"href":"https:\/\/vinyescangrau.com\/es\/wp-json\/wp\/v2\/pages\/24\/revisions\/3068"}],"wp:attachment":[{"href":"https:\/\/vinyescangrau.com\/es\/wp-json\/wp\/v2\/media?parent=24"}],"curies":[{"name":"wp","href":"https:\/\/api.w.org\/{rel}","templated":true}]}}