{"id":2796,"date":"2025-05-20T13:02:47","date_gmt":"2025-05-20T13:02:47","guid":{"rendered":"https:\/\/vinyescangrau.com\/?page_id=2796"},"modified":"2025-08-26T12:30:05","modified_gmt":"2025-08-26T12:30:05","slug":"declaracion-de-accesibilidad","status":"publish","type":"page","link":"https:\/\/vinyescangrau.com\/es\/declaracion-de-accesibilidad\/","title":{"rendered":"Declaraci\u00f3n de accesibilidad"},"content":{"rendered":"<p>El organismo <strong>Vinyes Can Grau<\/strong> se ha comprometido a hacer accesible <a href=\"https:\/\/vinyescangrau.com\/\">https:\/\/vinyescangrau.com\/<\/a>, de conformidad con el <a href=\"https:\/\/www.boe.es\/buscar\/act.php?id=BOE-A-2018-12699\">Real Decreto 1112\/2018, de 7 de septiembre, sobre accesibilidad de los sitios web y aplicaciones para dispositivos m\u00f3viles del sector p\u00fablico<\/a>.<\/p>\n<p>La presente declaraci\u00f3n de accesibilidad se aplica al sitio web <a href=\"https:\/\/vinyescangrau.com\/\">https:\/\/vinyescangrau.com\/<\/a>.<\/p>\n<p>Este sitio web es plenamente conforme con RD 1112\/2018.<\/p>\n","protected":false},"excerpt":{"rendered":"<p>El organismo Vinyes Can Grau se ha comprometido a hacer accesible https:\/\/vinyescangrau.com\/, de conformidad con el Real Decreto 1112\/2018, de 7 de septiembre, sobre accesibilidad de los sitios web y aplicaciones para dispositivos m\u00f3viles del sector p\u00fablico. La presente declaraci\u00f3n [&hellip;]<\/p>\n","protected":false},"author":1,"featured_media":0,"parent":0,"menu_order":0,"comment_status":"closed","ping_status":"closed","template":"","meta":{"footnotes":""},"class_list":["post-2796","page","type-page","status-publish","hentry"],"_links":{"self":[{"href":"https:\/\/vinyescangrau.com\/es\/wp-json\/wp\/v2\/pages\/2796","targetHints":{"allow":["GET"]}}],"collection":[{"href":"https:\/\/vinyescangrau.com\/es\/wp-json\/wp\/v2\/pages"}],"about":[{"href":"https:\/\/vinyescangrau.com\/es\/wp-json\/wp\/v2\/types\/page"}],"author":[{"embeddable":true,"href":"https:\/\/vinyescangrau.com\/es\/wp-json\/wp\/v2\/users\/1"}],"replies":[{"embeddable":true,"href":"https:\/\/vinyescangrau.com\/es\/wp-json\/wp\/v2\/comments?post=2796"}],"version-history":[{"count":1,"href":"https:\/\/vinyescangrau.com\/es\/wp-json\/wp\/v2\/pages\/2796\/revisions"}],"predecessor-version":[{"id":2797,"href":"https:\/\/vinyescangrau.com\/es\/wp-json\/wp\/v2\/pages\/2796\/revisions\/2797"}],"wp:attachment":[{"href":"https:\/\/vinyescangrau.com\/es\/wp-json\/wp\/v2\/media?parent=2796"}],"curies":[{"name":"wp","href":"https:\/\/api.w.org\/{rel}","templated":true}]}}