{"id":3128,"date":"2025-08-05T08:03:55","date_gmt":"2025-08-05T08:03:55","guid":{"rendered":"https:\/\/vinyescangrau.com\/?page_id=3128"},"modified":"2025-08-26T12:29:18","modified_gmt":"2025-08-26T12:29:18","slug":"viso-legal","status":"publish","type":"page","link":"https:\/\/vinyescangrau.com\/es\/viso-legal\/","title":{"rendered":"Aviso legal"},"content":{"rendered":"\t\t<div data-elementor-type=\"wp-page\" data-elementor-id=\"3128\" class=\"elementor elementor-3128\" data-elementor-post-type=\"page\">\n\t\t\t\t<div class=\"elementor-element elementor-element-442cc77b e-flex e-con-boxed e-con e-parent\" data-id=\"442cc77b\" data-element_type=\"container\" data-settings=\"{&quot;hoteller_ext_is_background_parallax&quot;:&quot;false&quot;,&quot;hoteller_ext_is_background_backdrop&quot;:&quot;false&quot;,&quot;hoteller_ext_is_background_on_scroll&quot;:&quot;false&quot;,&quot;hoteller_ext_link_sidemenu&quot;:&quot;false&quot;,&quot;hoteller_ext_link_fullmenu&quot;:&quot;false&quot;,&quot;hoteller_ext_link_closed_fullmenu&quot;:&quot;false&quot;,&quot;hoteller_ext_is_scrollme&quot;:&quot;false&quot;,&quot;hoteller_ext_is_smoove&quot;:&quot;false&quot;,&quot;hoteller_ext_is_parallax_mouse&quot;:&quot;false&quot;,&quot;hoteller_ext_is_infinite&quot;:&quot;false&quot;,&quot;hoteller_ext_is_fadeout_animation&quot;:&quot;false&quot;,&quot;hoteller_ext_mobile_static&quot;:&quot;false&quot;}\">\n\t\t\t\t\t<div class=\"e-con-inner\">\n\t\t\t\t<div class=\"elementor-element elementor-element-64369905 elementor-widget elementor-widget-text-editor\" data-id=\"64369905\" data-element_type=\"widget\" data-settings=\"{&quot;hoteller_ext_link_sidemenu&quot;:&quot;false&quot;,&quot;hoteller_ext_link_fullmenu&quot;:&quot;false&quot;,&quot;hoteller_ext_link_closed_fullmenu&quot;:&quot;false&quot;,&quot;hoteller_ext_is_scrollme&quot;:&quot;false&quot;,&quot;hoteller_ext_is_smoove&quot;:&quot;false&quot;,&quot;hoteller_ext_is_parallax_mouse&quot;:&quot;false&quot;,&quot;hoteller_ext_is_infinite&quot;:&quot;false&quot;,&quot;hoteller_ext_is_fadeout_animation&quot;:&quot;false&quot;,&quot;hoteller_ext_mobile_static&quot;:&quot;false&quot;}\" data-widget_type=\"text-editor.default\">\n\t\t\t\t\t\t\t\t\t<h2>1. <span class=\"fontstyle0\">Informaci\u00f3n general<\/span> <\/h2><p>En cumplimiento de lo establecido en la Ley 34\/2002, de 11 de julio, de servicios de la sociedad de la informaci\u00f3n y comercio electr\u00f3nico (LSSI-CE), se informa que este sitio web es propiedad de:<br \/><br \/>Nombre comercial: Vinyes Can Grau, ESPJ<\/p><ul><li>Actividad: Alojamiento tur\u00edstico<\/li><li>Licencia tur\u00edstica: ETV\/11892<\/li><li>Ubicaci\u00f3n: Mallorca, Islas Baleares, Espa\u00f1a<\/li><li>Correo electr\u00f3nico de contacto: vinyescangrau@gmail.com<\/li><li>Tel\u00e9fonos de contacto: +34 645161008 \/ +34 653047886<br \/><br \/><\/li><\/ul><h2>2. <span class=\"fontstyle0\">Propiedad intelectual e industrial<\/span> <\/h2><p><span class=\"fontstyle0\">Todos los contenidos del sitio web (textos, im\u00e1genes, logotipos, dise\u00f1os, estructura, software, etc.) son titularidad de Vinyes Can Grau o cuentan con licencia de uso, y est\u00e1n protegidos por las leyes de propiedad intelectual e industrial.<\/span> <\/p><p><span class=\"fontstyle0\">Se proh\u00edbe su reproducci\u00f3n, distribuci\u00f3n, comunicaci\u00f3n p\u00fablica o transformaci\u00f3n sin autorizaci\u00f3n expresa.<\/span> <\/p><h2>3. <span class=\"fontstyle0\">Responsabilidad<\/span> <\/h2><p><span class=\"fontstyle0\">Vinyes Can Grau no se hace responsable de los da\u00f1os derivados del uso del sitio web, ni de posibles errores en los contenidos o interrupciones del servicio. Nos reservamos el derecho de modificar o actualizar el sitio web sin previo aviso.<\/span> <\/p><h2>4. <span class=\"fontstyle0\">Enlaces externos<\/span> <\/h2><p><span class=\"fontstyle0\">Este sitio puede contener enlaces a p\u00e1ginas de terceros. Vinyes Can Grau no se responsabiliza del contenido ni del funcionamiento de dichos sitios web externos.<\/span> <\/p><h2>5. <span class=\"fontstyle0\">Legislaci\u00f3n y jurisdicci\u00f3n<\/span> <\/h2><p>Este aviso legal se rige por la legislaci\u00f3n espa\u00f1ola. Cualquier conflicto se resolver\u00e1 ante los juzgados y tribunales de Palma de Mallorca.<\/p>\t\t\t\t\t\t\t\t<\/div>\n\t\t\t\t\t<\/div>\n\t\t\t\t<\/div>\n\t\t\t\t<\/div>\n\t\t","protected":false},"excerpt":{"rendered":"<p>1. Informaci\u00f3n general En cumplimiento de lo establecido en la Ley 34\/2002, de 11 de julio, de servicios de la sociedad de la informaci\u00f3n y comercio electr\u00f3nico (LSSI-CE), se informa que este sitio web es propiedad de: Nombre comercial: Vinyes [&hellip;]<\/p>\n","protected":false},"author":1,"featured_media":0,"parent":0,"menu_order":0,"comment_status":"closed","ping_status":"closed","template":"","meta":{"footnotes":""},"class_list":["post-3128","page","type-page","status-publish","hentry"],"_links":{"self":[{"href":"https:\/\/vinyescangrau.com\/es\/wp-json\/wp\/v2\/pages\/3128","targetHints":{"allow":["GET"]}}],"collection":[{"href":"https:\/\/vinyescangrau.com\/es\/wp-json\/wp\/v2\/pages"}],"about":[{"href":"https:\/\/vinyescangrau.com\/es\/wp-json\/wp\/v2\/types\/page"}],"author":[{"embeddable":true,"href":"https:\/\/vinyescangrau.com\/es\/wp-json\/wp\/v2\/users\/1"}],"replies":[{"embeddable":true,"href":"https:\/\/vinyescangrau.com\/es\/wp-json\/wp\/v2\/comments?post=3128"}],"version-history":[{"count":9,"href":"https:\/\/vinyescangrau.com\/es\/wp-json\/wp\/v2\/pages\/3128\/revisions"}],"predecessor-version":[{"id":3349,"href":"https:\/\/vinyescangrau.com\/es\/wp-json\/wp\/v2\/pages\/3128\/revisions\/3349"}],"wp:attachment":[{"href":"https:\/\/vinyescangrau.com\/es\/wp-json\/wp\/v2\/media?parent=3128"}],"curies":[{"name":"wp","href":"https:\/\/api.w.org\/{rel}","templated":true}]}}